{"id":4,"date":"2016-06-05T23:01:28","date_gmt":"2016-06-05T23:01:28","guid":{"rendered":"http:\/\/www.aliaguillerabodega.com\/?page_id=4"},"modified":"2016-08-02T14:28:52","modified_gmt":"2016-08-02T14:28:52","slug":"avisos-legales","status":"publish","type":"page","link":"http:\/\/www.aliaguillerabodega.com\/index.php\/avisos-legales\/","title":{"rendered":"avisos legales"},"content":{"rendered":"<div id=\"pl-4\"  class=\"panel-layout\" ><div id=\"pg-4-0\"  class=\"panel-grid panel-no-style\" ><div id=\"pgc-4-0-0\"  class=\"panel-grid-cell\" ><div id=\"panel-4-0-0-0\" class=\"so-panel widget widget_ink-divider panel-first-child\" data-index=\"0\" ><div\n\t\t\t\n\t\t\tclass=\"so-widget-ink-divider so-widget-ink-divider-divider-7b610b66f8f4-4\"\n\t\t\t\n\t\t><div class=\"iw-so-divider-top\"><\/div>\n<div class=\"iw-so-divider \"><\/div>\n<div class=\"iw-so-divider-bottom\"><\/div>\n<\/div><\/div><div id=\"panel-4-0-0-1\" class=\"so-panel widget widget_sow-editor panel-last-child\" data-index=\"1\" ><div\n\t\t\t\n\t\t\tclass=\"so-widget-sow-editor so-widget-sow-editor-base\"\n\t\t\t\n\t\t>\n<div class=\"siteorigin-widget-tinymce textwidget\">\n\t<h2>AVISOS LEGALES<\/h2>\n<p>En cumplimiento de lo establecido en la Ley Org\u00e1nica 15\/1999, el 13 de diciembre, de Protecci\u00f3n de Datos de Car\u00e1cter Personal, le informamos que mediante la cumplimentaci\u00f3n del presente formulario, sus datos personales quedar\u00e1n incorporados y ser\u00e1n tratados en un fichero de titularidad LA ALIAGUILLERA SOC. COOP.. con la finalidad de poder gestionar su solicitud.<br \/>\nAsimismo, salvo que usted manifieste expresamente lo contrario, se podr\u00e1n utilizar sus datos personales para mantenerle informado de noticias y novedades relacionadas con sus servicios.<\/p>\n<p>Asimismo, le informamos de la posibilidad de que ejerza los derechos de acceso, rectificaci\u00f3n, cancelaci\u00f3n y oposici\u00f3n de sus datos de car\u00e1cter personal mediante correo electr\u00f3nico dirigido a coopaliaguillera@hotmail.com o bien mediante escrito dirigido a LA ALIAGUILLERA SOC. COOP., ALIAGUILLA (CUENCA), C.P. 16313, CAMINO VIEJO DE UTIEL, acompa\u00f1ando fotocopia de su D.N.I.\"<\/p>\n<\/div>\n<\/div><\/div><\/div><\/div><\/div>","protected":false},"excerpt":{"rendered":"<p>AVISOS LEGALES En cumplimiento de lo establecido en la Ley Org\u00e1nica 15\/1999, el 13 de diciembre, de Protecci\u00f3n de Datos de Car\u00e1cter Personal, le informamos que mediante la cumplimentaci\u00f3n del presente formulario, sus datos personales quedar\u00e1n incorporados y ser\u00e1n tratados en un fichero de titularidad LA ALIAGUILLERA SOC. COOP.. con la finalidad de poder gestionar [&hellip;]<\/p>\n","protected":false},"author":1,"featured_media":0,"parent":0,"menu_order":0,"comment_status":"closed","ping_status":"closed","template":"","meta":{"_genesis_hide_title":false,"_genesis_hide_breadcrumbs":false,"_genesis_hide_singular_image":false,"_genesis_hide_footer_widgets":false,"_genesis_custom_body_class":"","_genesis_custom_post_class":"","_genesis_layout":""},"_links":{"self":[{"href":"http:\/\/www.aliaguillerabodega.com\/index.php\/wp-json\/wp\/v2\/pages\/4"}],"collection":[{"href":"http:\/\/www.aliaguillerabodega.com\/index.php\/wp-json\/wp\/v2\/pages"}],"about":[{"href":"http:\/\/www.aliaguillerabodega.com\/index.php\/wp-json\/wp\/v2\/types\/page"}],"author":[{"embeddable":true,"href":"http:\/\/www.aliaguillerabodega.com\/index.php\/wp-json\/wp\/v2\/users\/1"}],"replies":[{"embeddable":true,"href":"http:\/\/www.aliaguillerabodega.com\/index.php\/wp-json\/wp\/v2\/comments?post=4"}],"version-history":[{"count":3,"href":"http:\/\/www.aliaguillerabodega.com\/index.php\/wp-json\/wp\/v2\/pages\/4\/revisions"}],"predecessor-version":[{"id":148,"href":"http:\/\/www.aliaguillerabodega.com\/index.php\/wp-json\/wp\/v2\/pages\/4\/revisions\/148"}],"wp:attachment":[{"href":"http:\/\/www.aliaguillerabodega.com\/index.php\/wp-json\/wp\/v2\/media?parent=4"}],"curies":[{"name":"wp","href":"https:\/\/api.w.org\/{rel}","templated":true}]}}