{"id":198,"date":"2018-04-27T15:18:30","date_gmt":"2018-04-27T15:18:30","guid":{"rendered":"http:\/\/www.aliaguillerabodega.com\/?page_id=198"},"modified":"2023-08-31T09:29:48","modified_gmt":"2023-08-31T09:29:48","slug":"politica-de-calidad","status":"publish","type":"page","link":"http:\/\/www.aliaguillerabodega.com\/index.php\/politica-de-calidad\/","title":{"rendered":"Pol\u00edtica de calidad"},"content":{"rendered":"<div id=\"pl-198\"  class=\"panel-layout\" ><div id=\"pg-198-0\"  class=\"panel-grid panel-no-style\" ><div id=\"pgc-198-0-0\"  class=\"panel-grid-cell\" ><div id=\"panel-198-0-0-0\" class=\"so-panel widget widget_sow-headline panel-first-child\" data-index=\"0\" ><div\n\t\t\t\n\t\t\tclass=\"so-widget-sow-headline so-widget-sow-headline-default-8e5f0bd68c28-198\"\n\t\t\t\n\t\t><div class=\"sow-headline-container \">\n\t<h2 class='sow-headline'>Certificado de Calidad<\/h2>\t\t\t\t\t<div class=\"decoration\">\n\t\t\t\t\t\t<div class=\"decoration-inside\"><\/div>\n\t\t\t\t\t<\/div>\n\t\t\t\t\t<\/div>\n<\/div><\/div><div id=\"panel-198-0-0-1\" class=\"so-panel widget widget_text\" data-index=\"1\" >\t\t\t<div class=\"textwidget\"><p class=\"p1\">Declaraci\u00f3n de Pol\u00edtica de Calidad <span class=\"s1\"><b>Revisi\u00f3n: <span class=\"Apple-converted-space\">\u00a0 <\/span>03<\/b><\/span><\/p>\n<p class=\"p2\"><span class=\"s2\">C\u00f3digo: DP <\/span><b>Fecha: 010621<\/b><\/p>\n<p class=\"p2\">\n<\/div>\n\t\t<\/div><div id=\"panel-198-0-0-2\" class=\"so-panel widget widget_text\" data-index=\"2\" >\t\t\t<div class=\"textwidget\"><p class=\"p1\"><span class=\"s1\"><b>LA ALIAGUILLERA, S. C. A.<\/b>, se dedica a la actividad<span class=\"Apple-converted-space\">\u00a0 <\/span>de:<\/span><\/p>\n<p class=\"p3\"><b><i>\u201cElaboraci\u00f3n y Venta Mosto, vinos Rosados y Tintos J\u00f3venes a granel, envasados y embotellados y Tintos de Crianza Embotellados\u201d<\/i><\/b>.<\/p>\n<p class=\"p1\">La Pol\u00edtica de Calidad de <b>LA ALIAGUILLERA, S. C. A.<\/b>, est\u00e1 basada en cumplir e incluso superar las expectativas de sus Clientes a trav\u00e9s de las siguientes acciones:<\/p>\n<ul class=\"ul1\">\n<li class=\"li1\">Elaboraci\u00f3n de un producto eficiente, econ\u00f3mico y de Calidad, llevada a cabo con una uniformidad de criterios que proporcionan un toque distintivo a todos los productos elaborados por <b>LA ALIAGUILLERA, S. C. A.<\/b><\/li>\n<li class=\"li1\">Garant\u00eda de un producto elaborado bajo el fiel cumplimiento de la normativa aplicable, especialmente en cuanto a la Calidad de las materias primas, auxiliares y consumibles utilizados.<\/li>\n<li class=\"li1\">Un programa continuo de formaci\u00f3n y reciclaje de sus profesionales.<\/li>\n<li class=\"li1\">Mejora continua de los procesos de <b>LA ALIAGUILLERA, S. C. A.<\/b>, mediante la participaci\u00f3n individual y de equipo de todos los trabajadores, su formaci\u00f3n y el an\u00e1lisis de las observaciones y comentarios de los Clientes.<\/li>\n<\/ul>\n<p class=\"p1\"><span class=\"s1\">Para alcanzar estos objetivos, es pol\u00edtica de la Direcci\u00f3n de <b>LA ALIAGUILLERA, S. C. A.<\/b><\/span><b>,<\/b><b><i> <\/i><\/b><span class=\"s1\"><b> <\/b>liderar e impulsar la ejecuci\u00f3n de las siguientes acciones:<\/span><\/p>\n<ul class=\"ul2\">\n<li class=\"li5\"><span class=\"s1\">Establecer y mantener un Sistema de Gesti\u00f3n de la Calidad efectivo y eficaz, planeado y desarrollado en conjunto con el resto de funciones de la Direcci\u00f3n.<\/span><\/li>\n<li class=\"li5\"><span class=\"s1\">En el marco de dicho Sistema, la determinaci\u00f3n de la conformidad del trabajo con respecto a los requisitos contractuales y normativos estar\u00e1 siempre apoyada en resultados y evidencias objetivas.<\/span><\/li>\n<li class=\"li5\"><span class=\"s1\">Asegurar que la Cooperativa y todo el personal est\u00e9n totalmente familiarizados con los Objetivos y la Pol\u00edtica de la Cooperativa a trav\u00e9s de un programa documentado de preparaci\u00f3n y formaci\u00f3n a todos los niveles de la misma.<\/span><\/li>\n<\/ul>\n<p class=\"p1\"><span class=\"s1\">El Sistema de Gesti\u00f3n de la Calidad de <b>LA ALIAGUILLERA, S. C. A.<\/b><\/span><b>,<\/b><span class=\"s1\"> est\u00e1 basado en los requisitos de la <b>Norma UNE-EN ISO 9001.<\/b><\/span><\/p>\n<p class=\"p1\"><span class=\"s1\">Aliaguilla, 01 de Junio de 2021 <\/span><\/p>\n<\/div>\n\t\t<\/div><div id=\"panel-198-0-0-3\" class=\"so-panel widget widget_sow-image panel-last-child\" data-index=\"3\" ><div\n\t\t\t\n\t\t\tclass=\"so-widget-sow-image so-widget-sow-image-default-ad27ff908450-198\"\n\t\t\t\n\t\t>\n\n<div class=\"sow-image-container\">\n\t\t\t<a href=\"http:\/\/aliaguillerabodega.com\/CERTIFICADO-LAALIAGUILLERA.pdf\"\n\t\t\t\t\t>\n\t\t\t<img src=\"http:\/\/www.aliaguillerabodega.com\/wp-content\/uploads\/2023\/08\/imagen-300x163.jpg\" width=\"300\" height=\"163\" srcset=\"http:\/\/www.aliaguillerabodega.com\/wp-content\/uploads\/2023\/08\/imagen-300x163.jpg 300w, http:\/\/www.aliaguillerabodega.com\/wp-content\/uploads\/2023\/08\/imagen-1024x556.jpg 1024w, http:\/\/www.aliaguillerabodega.com\/wp-content\/uploads\/2023\/08\/imagen-768x417.jpg 768w, http:\/\/www.aliaguillerabodega.com\/wp-content\/uploads\/2023\/08\/imagen-1536x834.jpg 1536w, http:\/\/www.aliaguillerabodega.com\/wp-content\/uploads\/2023\/08\/imagen.jpg 1900w\" sizes=\"(max-width: 300px) 100vw, 300px\" style=\"width: 300px; height: 163px;\" alt=\"\" loading=\"lazy\" \t\tclass=\"so-widget-image\"\/>\n\t<\/a><\/div>\n\n<\/div><\/div><\/div><\/div><\/div>","protected":false},"excerpt":{"rendered":"<p>Declaraci\u00f3n de Pol\u00edtica de Calidad Revisi\u00f3n: \u00a0 03 C\u00f3digo: DP Fecha: 010621 LA ALIAGUILLERA, S. C. A., se dedica a la actividad\u00a0 de: \u201cElaboraci\u00f3n y Venta Mosto, vinos Rosados y Tintos J\u00f3venes a granel, envasados y embotellados y Tintos de Crianza Embotellados\u201d. La Pol\u00edtica de Calidad de LA ALIAGUILLERA, S. C. A., est\u00e1 basada en [&hellip;]<\/p>\n","protected":false},"author":1,"featured_media":0,"parent":0,"menu_order":0,"comment_status":"closed","ping_status":"closed","template":"","meta":{"_genesis_hide_title":false,"_genesis_hide_breadcrumbs":false,"_genesis_hide_singular_image":false,"_genesis_hide_footer_widgets":false,"_genesis_custom_body_class":"","_genesis_custom_post_class":"","_genesis_layout":""},"_links":{"self":[{"href":"http:\/\/www.aliaguillerabodega.com\/index.php\/wp-json\/wp\/v2\/pages\/198"}],"collection":[{"href":"http:\/\/www.aliaguillerabodega.com\/index.php\/wp-json\/wp\/v2\/pages"}],"about":[{"href":"http:\/\/www.aliaguillerabodega.com\/index.php\/wp-json\/wp\/v2\/types\/page"}],"author":[{"embeddable":true,"href":"http:\/\/www.aliaguillerabodega.com\/index.php\/wp-json\/wp\/v2\/users\/1"}],"replies":[{"embeddable":true,"href":"http:\/\/www.aliaguillerabodega.com\/index.php\/wp-json\/wp\/v2\/comments?post=198"}],"version-history":[{"count":7,"href":"http:\/\/www.aliaguillerabodega.com\/index.php\/wp-json\/wp\/v2\/pages\/198\/revisions"}],"predecessor-version":[{"id":270,"href":"http:\/\/www.aliaguillerabodega.com\/index.php\/wp-json\/wp\/v2\/pages\/198\/revisions\/270"}],"wp:attachment":[{"href":"http:\/\/www.aliaguillerabodega.com\/index.php\/wp-json\/wp\/v2\/media?parent=198"}],"curies":[{"name":"wp","href":"https:\/\/api.w.org\/{rel}","templated":true}]}}