{"id":142,"date":"2016-08-02T14:20:58","date_gmt":"2016-08-02T14:20:58","guid":{"rendered":"http:\/\/www.aliaguillerabodega.com\/?page_id=142"},"modified":"2016-08-02T14:24:11","modified_gmt":"2016-08-02T14:24:11","slug":"devoluciones","status":"publish","type":"page","link":"http:\/\/www.aliaguillerabodega.com\/index.php\/devoluciones\/","title":{"rendered":"devoluciones"},"content":{"rendered":"<div id=\"pl-142\"  class=\"panel-layout\" ><div id=\"pg-142-0\"  class=\"panel-grid panel-no-style\" ><div id=\"pgc-142-0-0\"  class=\"panel-grid-cell\" ><div id=\"panel-142-0-0-0\" class=\"so-panel widget widget_ink-divider panel-first-child\" data-index=\"0\" ><div\n\t\t\t\n\t\t\tclass=\"so-widget-ink-divider so-widget-ink-divider-divider-7b610b66f8f4-142\"\n\t\t\t\n\t\t><div class=\"iw-so-divider-top\"><\/div>\n<div class=\"iw-so-divider \"><\/div>\n<div class=\"iw-so-divider-bottom\"><\/div>\n<\/div><\/div><div id=\"panel-142-0-0-1\" class=\"so-panel widget widget_sow-editor panel-last-child\" data-index=\"1\" ><div\n\t\t\t\n\t\t\tclass=\"so-widget-sow-editor so-widget-sow-editor-base\"\n\t\t\t\n\t\t>\n<div class=\"siteorigin-widget-tinymce textwidget\">\n\t<h2>DEVOLUCIONES<\/h2>\n<p>Puedes ejercer tu derecho de desistimiento remiti\u00e9ndonos un correo electr\u00f3nico acoopaliaguillera@hotmail.com indicando tu nombre y apellidos y el n\u00famero de pedido e indicando Desistimiento en Asunto. Este derecho lo podr\u00e1s ejercer durante los 7 d\u00edas siguientes a la fecha de entrega devolvi\u00e9ndonos el pedido \u00edntegro a nuestro almac\u00e9n (direcci\u00f3n) en su embalaje originial y sin haber sido manipulados. Estos gastos de env\u00edo correr\u00e1n a cuenta del cliente. Una vez recibido el pedido desestimado y hechas las pertinentes comprobaciones, realizaremos la devoluci\u00f3n del importe total mediante el mismo sistema de pago utilizado por el cliente.<\/p>\n<p>Si la devoluci\u00f3n se debe a un error de aliaguillerabodega.com, seremos responsables de tramitar el cambio por el producto correcto, asumiendo los costes tanto de la devoluci\u00f3n como del nuevo env\u00edo.<\/p>\n<p>Si la devoluci\u00f3n se debe a un vino defectuoso, ante todo sentiremos mucho la situaci\u00f3n. Nuestro almacen est\u00e1 acondicionado para tener los vinos en la mejor conservaci\u00f3n pero esta situaci\u00f3n, desgraciadamente, puede ocurrir. Sin duda, te enviaremos de nuevo el producto defectuoso en la mayor brevedad posible asumiendo los costes de este nuevo env\u00edo. O si lo prefieres, te devolveremos el importe del producto. Si esta situaci\u00f3n se diera transcurridos tres meses despu\u00e9s de la entrega, analizaremos la incidencia e intentaremos darte la mejor respuesta.<\/p>\n<\/div>\n<\/div><\/div><\/div><\/div><\/div>","protected":false},"excerpt":{"rendered":"<p>DEVOLUCIONES Puedes ejercer tu derecho de desistimiento remiti\u00e9ndonos un correo electr\u00f3nico acoopaliaguillera@hotmail.com indicando tu nombre y apellidos y el n\u00famero de pedido e indicando Desistimiento en Asunto. Este derecho lo podr\u00e1s ejercer durante los 7 d\u00edas siguientes a la fecha de entrega devolvi\u00e9ndonos el pedido \u00edntegro a nuestro almac\u00e9n (direcci\u00f3n) en su embalaje originial y [&hellip;]<\/p>\n","protected":false},"author":1,"featured_media":0,"parent":0,"menu_order":0,"comment_status":"closed","ping_status":"closed","template":"","meta":{"_genesis_hide_title":false,"_genesis_hide_breadcrumbs":false,"_genesis_hide_singular_image":false,"_genesis_hide_footer_widgets":false,"_genesis_custom_body_class":"","_genesis_custom_post_class":"","_genesis_layout":""},"_links":{"self":[{"href":"http:\/\/www.aliaguillerabodega.com\/index.php\/wp-json\/wp\/v2\/pages\/142"}],"collection":[{"href":"http:\/\/www.aliaguillerabodega.com\/index.php\/wp-json\/wp\/v2\/pages"}],"about":[{"href":"http:\/\/www.aliaguillerabodega.com\/index.php\/wp-json\/wp\/v2\/types\/page"}],"author":[{"embeddable":true,"href":"http:\/\/www.aliaguillerabodega.com\/index.php\/wp-json\/wp\/v2\/users\/1"}],"replies":[{"embeddable":true,"href":"http:\/\/www.aliaguillerabodega.com\/index.php\/wp-json\/wp\/v2\/comments?post=142"}],"version-history":[{"count":3,"href":"http:\/\/www.aliaguillerabodega.com\/index.php\/wp-json\/wp\/v2\/pages\/142\/revisions"}],"predecessor-version":[{"id":145,"href":"http:\/\/www.aliaguillerabodega.com\/index.php\/wp-json\/wp\/v2\/pages\/142\/revisions\/145"}],"wp:attachment":[{"href":"http:\/\/www.aliaguillerabodega.com\/index.php\/wp-json\/wp\/v2\/media?parent=142"}],"curies":[{"name":"wp","href":"https:\/\/api.w.org\/{rel}","templated":true}]}}